{"id":252,"date":"2021-08-18T05:35:45","date_gmt":"2021-08-18T05:35:45","guid":{"rendered":"https:\/\/puntocardinalbazar.com\/index.php\/about\/"},"modified":"2023-11-16T02:37:04","modified_gmt":"2023-11-16T02:37:04","slug":"about","status":"publish","type":"page","link":"https:\/\/puntocardinalbazar.com\/index.php\/about\/","title":{"rendered":"About"},"content":{"rendered":"\t\t<div data-elementor-type=\"wp-page\" data-elementor-id=\"252\" class=\"elementor elementor-252\">\n\t\t\t\t\t\t\t\t\t<section class=\"elementor-section elementor-top-section elementor-element elementor-element-1336c617 elementor-section-height-min-height elementor-section-boxed elementor-section-height-default elementor-section-items-middle\" data-id=\"1336c617\" data-element_type=\"section\" data-settings=\"{&quot;background_background&quot;:&quot;classic&quot;}\">\n\t\t\t\t\t\t<div class=\"elementor-container elementor-column-gap-default\">\n\t\t\t\t\t<div class=\"elementor-column elementor-col-100 elementor-top-column elementor-element elementor-element-7f957220\" data-id=\"7f957220\" data-element_type=\"column\">\n\t\t\t<div class=\"elementor-widget-wrap elementor-element-populated\">\n\t\t\t\t\t\t\t\t<div class=\"elementor-element elementor-element-617f05d8 elementor-widget elementor-widget-heading\" data-id=\"617f05d8\" data-element_type=\"widget\" data-widget_type=\"heading.default\">\n\t\t\t\t<div class=\"elementor-widget-container\">\n\t\t\t<style>\/*! elementor - v3.17.0 - 25-10-2023 *\/\n.elementor-heading-title{padding:0;margin:0;line-height:1}.elementor-widget-heading .elementor-heading-title[class*=elementor-size-]>a{color:inherit;font-size:inherit;line-height:inherit}.elementor-widget-heading .elementor-heading-title.elementor-size-small{font-size:15px}.elementor-widget-heading .elementor-heading-title.elementor-size-medium{font-size:19px}.elementor-widget-heading .elementor-heading-title.elementor-size-large{font-size:29px}.elementor-widget-heading .elementor-heading-title.elementor-size-xl{font-size:39px}.elementor-widget-heading .elementor-heading-title.elementor-size-xxl{font-size:59px}<\/style><h1 class=\"elementor-heading-title elementor-size-default\">quienes somos\n<\/h1>\t\t<\/div>\n\t\t\t\t<\/div>\n\t\t\t\t<div class=\"elementor-element elementor-element-d1a9caa elementor-widget elementor-widget-image\" data-id=\"d1a9caa\" data-element_type=\"widget\" data-widget_type=\"image.default\">\n\t\t\t\t<div class=\"elementor-widget-container\">\n\t\t\t<style>\/*! elementor - v3.17.0 - 25-10-2023 *\/\n.elementor-widget-image{text-align:center}.elementor-widget-image a{display:inline-block}.elementor-widget-image a img[src$=\".svg\"]{width:48px}.elementor-widget-image img{vertical-align:middle;display:inline-block}<\/style>\t\t\t\t\t\t\t\t\t\t\t\t<img decoding=\"async\" width=\"300\" height=\"151\" src=\"https:\/\/puntocardinalbazar.com\/wp-content\/uploads\/2023\/11\/cropped-logo-web-200x101.png\" class=\"attachment-medium size-medium wp-image-530\" alt=\"\" srcset=\"https:\/\/puntocardinalbazar.com\/wp-content\/uploads\/2023\/11\/cropped-logo-web-300x151.png 300w, https:\/\/puntocardinalbazar.com\/wp-content\/uploads\/2023\/11\/cropped-logo-web-1024x517.png 1024w, https:\/\/puntocardinalbazar.com\/wp-content\/uploads\/2023\/11\/cropped-logo-web-768x387.png 768w, https:\/\/puntocardinalbazar.com\/wp-content\/uploads\/2023\/11\/cropped-logo-web-600x303.png 600w, https:\/\/puntocardinalbazar.com\/wp-content\/uploads\/2023\/11\/cropped-logo-web-200x101.png 200w, https:\/\/puntocardinalbazar.com\/wp-content\/uploads\/2023\/11\/cropped-logo-web.png 1213w\" sizes=\"(max-width: 300px) 100vw, 300px\" \/>\t\t\t\t\t\t\t\t\t\t\t\t\t\t\t<\/div>\n\t\t\t\t<\/div>\n\t\t\t\t\t<\/div>\n\t\t<\/div>\n\t\t\t\t\t\t\t<\/div>\n\t\t<\/section>\n\t\t\t\t<section class=\"elementor-section elementor-top-section elementor-element elementor-element-38765c5b elementor-section-boxed elementor-section-height-default elementor-section-height-default\" data-id=\"38765c5b\" data-element_type=\"section\">\n\t\t\t\t\t\t<div class=\"elementor-container elementor-column-gap-default\">\n\t\t\t\t\t<div class=\"elementor-column elementor-col-100 elementor-top-column elementor-element elementor-element-3d440c4\" data-id=\"3d440c4\" data-element_type=\"column\">\n\t\t\t<div class=\"elementor-widget-wrap elementor-element-populated\">\n\t\t\t\t\t\t\t\t<div class=\"elementor-element elementor-element-2b7ed6cc elementor-widget elementor-widget-heading\" data-id=\"2b7ed6cc\" data-element_type=\"widget\" data-widget_type=\"heading.default\">\n\t\t\t\t<div class=\"elementor-widget-container\">\n\t\t\t<h2 class=\"elementor-heading-title elementor-size-default\">Punto Cardinal<\/h2>\t\t<\/div>\n\t\t\t\t<\/div>\n\t\t\t\t<div class=\"elementor-element elementor-element-23bc2676 elementor-widget elementor-widget-text-editor\" data-id=\"23bc2676\" data-element_type=\"widget\" data-widget_type=\"text-editor.default\">\n\t\t\t\t<div class=\"elementor-widget-container\">\n\t\t\t<style>\/*! elementor - v3.17.0 - 25-10-2023 *\/\n.elementor-widget-text-editor.elementor-drop-cap-view-stacked .elementor-drop-cap{background-color:#69727d;color:#fff}.elementor-widget-text-editor.elementor-drop-cap-view-framed .elementor-drop-cap{color:#69727d;border:3px solid;background-color:transparent}.elementor-widget-text-editor:not(.elementor-drop-cap-view-default) .elementor-drop-cap{margin-top:8px}.elementor-widget-text-editor:not(.elementor-drop-cap-view-default) .elementor-drop-cap-letter{width:1em;height:1em}.elementor-widget-text-editor .elementor-drop-cap{float:left;text-align:center;line-height:1;font-size:50px}.elementor-widget-text-editor .elementor-drop-cap-letter{display:inline-block}<\/style>\t\t\t\t<p>\u00a1Bienvenido a Punto Cardinal, el bazar que impulsa y potencia tus ventas! Somos un espacio \u00fanico que se dedica a brindar oportunidades a negocios locales para que alcancen su m\u00e1ximo potencial. Nos enfocamos en conectarlos con sus clientes potenciales mientras brindamos un ambiente de recreaci\u00f3n y entretenimiento para amigos y familia.<\/p><p>\u00a0<\/p><p>En Punto Cardinal, creemos en el poder de la colaboraci\u00f3n y la sinergia empresarial. Nuestro objetivo principal es ayudarte a destacarte en el mercado y aumentar tus ventas. \u00bfC\u00f3mo lo logramos? Ofreciendo espacios publicitarios estrat\u00e9gicamente ubicados en nuestra p\u00e1gina web y en nuestras sedes de bazares donde miles de usuarios acuden en busca de productos y servicios de calidad.<\/p><p>\u00a0<\/p><p>Al contratarnos, no solo obtendr\u00e1s visibilidad en l\u00ednea, sino que tambi\u00e9n formar\u00e1s parte de nuestra comunidad de negocios. Aqu\u00ed, tendr\u00e1s la oportunidad de interactuar con otros emprendedores, compartir experiencias y aprender de las mejores pr\u00e1cticas del mercado. Adem\u00e1s, organizamos eventos y actividades tem\u00e1ticas para atraer a un p\u00fablico diverso, brind\u00e1ndote la oportunidad de mostrar tus productos y establecer conexiones duraderas con clientes potenciales.<\/p><p>\u00a0<\/p><p>En Punto Cardinal, nos preocupamos por el \u00e9xito de tu negocio. Por eso, ofrecemos asesoramiento personalizado para ayudarte a optimizar tu estrategia de ventas y marketing. Nuestro equipo de expertos est\u00e1 comprometido en apoyarte en cada paso del camino, brind\u00e1ndote las herramientas necesarias para alcanzar tus metas comerciales.<\/p><p>\u00a0<\/p><p>No importa si eres un peque\u00f1o comercio o una empresa establecida, en Punto Cardinal encontrar\u00e1s el espacio perfecto para impulsar tu negocio y acercarte a tus clientes potenciales. \u00danete a nosotros y descubre c\u00f3mo podemos ayudarte a alcanzar el \u00e9xito que mereces.<\/p><p>\u00a0<\/p><p>\u00bfQu\u00e9 m\u00e1s puedes esperar en el bazar punto Cardinal?\u00a0<\/p><p>Talleres y conferencias inspiradoras: Aprende de expertos en diferentes campos y adquiere conocimientos que te ayudar\u00e1n a llevar tu negocio al siguiente nivel.<\/p><p>Zona de alimentos y bebidas: No te preocupes por el hambre o la sed, porque habr\u00e1 una amplia variedad de opciones deliciosas para disfrutar mientras exploras el bazar.<\/p><p>M\u00fasica en vivo y entretenimiento: Disfruta de un ambiente vibrante y lleno de energ\u00eda mientras descubres nuevos productos y talentos.<\/p><p>Entre muchas otras cosas mas.<\/p><p>\u00a0<\/p><p>\u00a0<\/p><p>\u00a1Punto Cardinal, La nueva experiencia para tus ventas!<\/p>\t\t\t\t\t\t<\/div>\n\t\t\t\t<\/div>\n\t\t\t\t\t<\/div>\n\t\t<\/div>\n\t\t\t\t\t\t\t<\/div>\n\t\t<\/section>\n\t\t\t\t<section class=\"elementor-section elementor-top-section elementor-element elementor-element-bfeba12 elementor-section-content-middle elementor-section-boxed elementor-section-height-default elementor-section-height-default\" data-id=\"bfeba12\" data-element_type=\"section\" data-settings=\"{&quot;background_background&quot;:&quot;classic&quot;}\">\n\t\t\t\t\t\t<div class=\"elementor-container elementor-column-gap-default\">\n\t\t\t\t\t<div class=\"elementor-column elementor-col-100 elementor-top-column elementor-element elementor-element-3bee8fb8\" data-id=\"3bee8fb8\" data-element_type=\"column\">\n\t\t\t<div class=\"elementor-widget-wrap elementor-element-populated\">\n\t\t\t\t\t\t\t\t<div class=\"elementor-element elementor-element-4e059b51 elementor-widget elementor-widget-heading\" data-id=\"4e059b51\" data-element_type=\"widget\" data-widget_type=\"heading.default\">\n\t\t\t\t<div class=\"elementor-widget-container\">\n\t\t\t<h2 class=\"elementor-heading-title elementor-size-default\">\u00a1Nos vemos en el bazar punto Cardinal!\n<\/h2>\t\t<\/div>\n\t\t\t\t<\/div>\n\t\t\t\t<div class=\"elementor-element elementor-element-108c720a elementor-widget elementor-widget-text-editor\" data-id=\"108c720a\" data-element_type=\"widget\" data-widget_type=\"text-editor.default\">\n\t\t\t\t<div class=\"elementor-widget-container\">\n\t\t\t\t\t\t\t<div class=\"elementor-element elementor-element-766f4712 elementor-widget elementor-widget-text-editor\" data-id=\"766f4712\" data-element_type=\"widget\" data-widget_type=\"text-editor.default\"><div class=\"elementor-widget-container\"><p>\u00a1No dejes pasar esta oportunidad \u00fanica de ser parte de punto Cardinal!<\/p><p>\u00a1Estamos emocionados de contar contigo!<\/p><\/div><\/div>\t\t\t\t\t\t<\/div>\n\t\t\t\t<\/div>\n\t\t\t\t<div class=\"elementor-element elementor-element-4bcfef7 elementor-align-center elementor-widget elementor-widget-button\" data-id=\"4bcfef7\" data-element_type=\"widget\" data-widget_type=\"button.default\">\n\t\t\t\t<div class=\"elementor-widget-container\">\n\t\t\t\t\t<div class=\"elementor-button-wrapper\">\n\t\t\t<a class=\"elementor-button elementor-button-link elementor-size-sm\" href=\"https:\/\/puntocardinalbazar.com\/index.php\/participa-con-nosotros\/\">\n\t\t\t\t\t\t<span class=\"elementor-button-content-wrapper\">\n\t\t\t\t\t\t<span class=\"elementor-button-text\">Quiero potenciar mis ventas<\/span>\n\t\t<\/span>\n\t\t\t\t\t<\/a>\n\t\t<\/div>\n\t\t\t\t<\/div>\n\t\t\t\t<\/div>\n\t\t\t\t\t<\/div>\n\t\t<\/div>\n\t\t\t\t\t\t\t<\/div>\n\t\t<\/section>\n\t\t\t\t\t\t\t<\/div>\n\t\t","protected":false},"excerpt":{"rendered":"<p>quienes somos Punto Cardinal \u00a1Bienvenido a Punto Cardinal, el bazar que impulsa y potencia tus ventas! Somos un espacio \u00fanico que se dedica a brindar oportunidades a negocios locales para &hellip;<\/p>\n<p class=\"read-more\"> <a class=\"\" href=\"https:\/\/puntocardinalbazar.com\/index.php\/about\/\"> <span class=\"screen-reader-text\">About<\/span> Read More &raquo;<\/a><\/p>\n","protected":false},"author":1,"featured_media":0,"parent":0,"menu_order":0,"comment_status":"closed","ping_status":"closed","template":"elementor_header_footer","meta":{"om_disable_all_campaigns":false,"_monsterinsights_skip_tracking":false,"_monsterinsights_sitenote_active":false,"_monsterinsights_sitenote_note":"","_monsterinsights_sitenote_category":0,"site-sidebar-layout":"no-sidebar","site-content-layout":"page-builder","ast-site-content-layout":"","site-content-style":"default","site-sidebar-style":"default","ast-global-header-display":"","ast-banner-title-visibility":"","ast-main-header-display":"","ast-hfb-above-header-display":"","ast-hfb-below-header-display":"","ast-hfb-mobile-header-display":"","site-post-title":"disabled","ast-breadcrumbs-content":"disabled","ast-featured-img":"disabled","footer-sml-layout":"","theme-transparent-header-meta":"enabled","adv-header-id-meta":"","stick-header-meta":"","header-above-stick-meta":"","header-main-stick-meta":"","header-below-stick-meta":"","astra-migrate-meta-layouts":"","ast-page-background-enabled":"default","ast-page-background-meta":{"desktop":{"background-color":"var(--ast-global-color-4)","background-image":"","background-repeat":"repeat","background-position":"center center","background-size":"auto","background-attachment":"scroll","background-type":"","background-media":"","overlay-type":"","overlay-color":"","overlay-gradient":""},"tablet":{"background-color":"","background-image":"","background-repeat":"repeat","background-position":"center center","background-size":"auto","background-attachment":"scroll","background-type":"","background-media":"","overlay-type":"","overlay-color":"","overlay-gradient":""},"mobile":{"background-color":"","background-image":"","background-repeat":"repeat","background-position":"center center","background-size":"auto","background-attachment":"scroll","background-type":"","background-media":"","overlay-type":"","overlay-color":"","overlay-gradient":""}},"ast-content-background-meta":{"desktop":{"background-color":"var(--ast-global-color-5)","background-image":"","background-repeat":"repeat","background-position":"center center","background-size":"auto","background-attachment":"scroll","background-type":"","background-media":"","overlay-type":"","overlay-color":"","overlay-gradient":""},"tablet":{"background-color":"var(--ast-global-color-5)","background-image":"","background-repeat":"repeat","background-position":"center center","background-size":"auto","background-attachment":"scroll","background-type":"","background-media":"","overlay-type":"","overlay-color":"","overlay-gradient":""},"mobile":{"background-color":"var(--ast-global-color-5)","background-image":"","background-repeat":"repeat","background-position":"center center","background-size":"auto","background-attachment":"scroll","background-type":"","background-media":"","overlay-type":"","overlay-color":"","overlay-gradient":""}},"footnotes":""},"aioseo_notices":[],"_links":{"self":[{"href":"https:\/\/puntocardinalbazar.com\/index.php\/wp-json\/wp\/v2\/pages\/252"}],"collection":[{"href":"https:\/\/puntocardinalbazar.com\/index.php\/wp-json\/wp\/v2\/pages"}],"about":[{"href":"https:\/\/puntocardinalbazar.com\/index.php\/wp-json\/wp\/v2\/types\/page"}],"author":[{"embeddable":true,"href":"https:\/\/puntocardinalbazar.com\/index.php\/wp-json\/wp\/v2\/users\/1"}],"replies":[{"embeddable":true,"href":"https:\/\/puntocardinalbazar.com\/index.php\/wp-json\/wp\/v2\/comments?post=252"}],"version-history":[{"count":4,"href":"https:\/\/puntocardinalbazar.com\/index.php\/wp-json\/wp\/v2\/pages\/252\/revisions"}],"predecessor-version":[{"id":1513,"href":"https:\/\/puntocardinalbazar.com\/index.php\/wp-json\/wp\/v2\/pages\/252\/revisions\/1513"}],"wp:attachment":[{"href":"https:\/\/puntocardinalbazar.com\/index.php\/wp-json\/wp\/v2\/media?parent=252"}],"curies":[{"name":"wp","href":"https:\/\/api.w.org\/{rel}","templated":true}]}}