{"id":1837,"date":"2023-12-29T21:20:03","date_gmt":"2023-12-29T21:20:03","guid":{"rendered":"https:\/\/puntocardinalbazar.com\/?page_id=1837"},"modified":"2023-12-29T21:22:16","modified_gmt":"2023-12-29T21:22:16","slug":"aviso-de-privacidad","status":"publish","type":"page","link":"https:\/\/puntocardinalbazar.com\/index.php\/aviso-de-privacidad\/","title":{"rendered":"Aviso de privacidad"},"content":{"rendered":"\t\t<div data-elementor-type=\"wp-page\" data-elementor-id=\"1837\" class=\"elementor elementor-1837\">\n\t\t\t\t\t\t\t<div class=\"elementor-element elementor-element-c0a3f19 e-flex e-con-boxed e-con e-parent\" data-id=\"c0a3f19\" data-element_type=\"container\" data-settings=\"{&quot;content_width&quot;:&quot;boxed&quot;}\" data-core-v316-plus=\"true\">\n\t\t\t\t\t<div class=\"e-con-inner\">\n\t\t\t\t<div class=\"elementor-element elementor-element-ca79795 elementor-widget elementor-widget-text-editor\" data-id=\"ca79795\" data-element_type=\"widget\" data-widget_type=\"text-editor.default\">\n\t\t\t\t<div class=\"elementor-widget-container\">\n\t\t\t<style>\/*! elementor - v3.17.0 - 25-10-2023 *\/\n.elementor-widget-text-editor.elementor-drop-cap-view-stacked .elementor-drop-cap{background-color:#69727d;color:#fff}.elementor-widget-text-editor.elementor-drop-cap-view-framed .elementor-drop-cap{color:#69727d;border:3px solid;background-color:transparent}.elementor-widget-text-editor:not(.elementor-drop-cap-view-default) .elementor-drop-cap{margin-top:8px}.elementor-widget-text-editor:not(.elementor-drop-cap-view-default) .elementor-drop-cap-letter{width:1em;height:1em}.elementor-widget-text-editor .elementor-drop-cap{float:left;text-align:center;line-height:1;font-size:50px}.elementor-widget-text-editor .elementor-drop-cap-letter{display:inline-block}<\/style>\t\t\t\t<h1><strong>AVISO DE PRIVACIDAD<\/strong><\/h1><p>\u00a0<\/p><p><span style=\"font-weight: 400;\">En cumplimiento a lo previsto en la ley federal de protecci\u00f3n de datos personales en posesi\u00f3n de los particulares (la \u201cley\u201d), le solicitamos lea cuidadosamente el presente aviso de privacidad. El presente aviso tiene por objeto la protecci\u00f3n de sus datos personales, mediante el tratamiento leg\u00edtimo, controlado e informado de los mismos, a efecto de garantizar su privacidad. Asimismo, le informamos que <\/span><b><i>PUNTO CARDINAL<\/i><\/b><span style=\"font-weight: 400;\">, responsable de recabar sus datos personales, del uso que se le d\u00e9 a los mismos y de su protecci\u00f3n, es una sociedad legalmente constituida de conformidad con las leyes de los Estados Unidos Mexicanos, y que su domicilio se encuentra en <\/span><b><i>Remanso del Zorro Oriente 379, Colonia Ciudad Bugambilias, Zapopan, Jalisco<\/i><\/b><span style=\"font-weight: 400;\">. Con base en lo anterior, le se\u00f1alamos que su informaci\u00f3n personal ser\u00e1 tratada de manera confidencial y utilizada, en su caso, para: i) prestarle los servicios que contratar\u00e1 con Punto Cardinal; ii) informarle sobre los cambios que se realicen en cualquiera de los servicios que haya contratado; iii) evaluar la calidad del servicio que se le brinda; iv) informarle sobre cualquier cambio que se efect\u00fae al presente aviso de privacidad; y v) para enviarle informaci\u00f3n relacionada con la prestaci\u00f3n de nuestros servicios y publicidad de promociones, din\u00e1micas, etc. Adicionalmente, le se\u00f1alamos que tiene derecho a acceder, rectificar (cuando los datos proporcionados sean inexactos o incompletos), cancelar sus datos personales, salvo en los casos previstos por la ley, as\u00ed como a oponerse al tratamiento de los mismos. Le informamos que cualquier asunto relacionado con el tratamiento de sus datos personales puede ser solicitado a trav\u00e9s de la siguiente direcci\u00f3n de correo electr\u00f3nico: <\/span><b><i>contacto@puntocardinalbazar.com<\/i><\/b><span style=\"font-weight: 400;\">; por \u00faltimo, le informamos que desde el momento en que ingresa a nuestra p\u00e1gina de internet y nos proporciona sus datos personales, t\u00e1citamente acepta los t\u00e9rminos y condiciones del presente aviso de privacidad. Por lo que, en caso de no autorizar la transmisi\u00f3n de sus datos personales, deber\u00e1 hacer del conocimiento de Punto Cardinal dicha negativa atrav\u00e9s de la direcci\u00f3n de correo electr\u00f3nico que se se\u00f1ala en el p\u00e1rrafo anterior, se\u00f1alando expresamente que: no autoriza la transferencia de sus datos personales para los fines que se se\u00f1alan en el presente aviso de privacidad. Asimismo, hacemos de su conocimiento que sus datos personales no ser\u00e1n transferidos a terceros y se limitar\u00e1 su tratamiento para el uso interno de la empresa, salvo que dicha transferencia sea efectuada a sociedades controladoras, subsidiarias o afiliadas de Punto Cardinal, de conformidad con lo establecido en la ley. Si usted desea dejar de recibir mensajes promocionales o cualquier otra informaci\u00f3n relacionada con los servicios a que se hace referencia en el presente aviso, podr\u00e1 solicitarlo a trav\u00e9s del correo electr\u00f3nico o al tel\u00e9fono de atenci\u00f3n <\/span><b><i>33-4246-4388<\/i><\/b><span style=\"font-weight: 400;\"> en el <\/span><b><i>horario de atenci\u00f3n de lunes a s\u00e1bado de 10hrs a 19hrs<\/i><\/b><span style=\"font-weight: 400;\">, un coordinador o asistente virtual te brindar\u00e1 apoyo y soporte t\u00e9cnico y\/o de consulta.\u00a0<\/span><\/p><p>\u00a0<\/p><p><span style=\"font-weight: 400;\">DEL EJERCICIO DE LOS DERECHOS DE ACCESO, RECTIFICACI\u00d3N, CANCELACI\u00d3N, Y OPOSICI\u00d3N.<\/span><\/p><p>\u00a0<\/p><p><span style=\"font-weight: 400;\">De conformidad con lo establecido en la ley el titular de los datos personales puede solicitar en cualquier momento a Punto Cardinal el acceso, rectificaci\u00f3n, cancelaci\u00f3n u oposici\u00f3n al tratamiento de sus datos personales. Por lo que, si el titular desea modificar sus datos personales, deber\u00e1 enviar la solicitud de que se trate a trav\u00e9s de la siguiente direcci\u00f3n de correo electr\u00f3nico: <\/span><b><i>contacto@puntocardinalbazar.com<\/i><\/b><span style=\"font-weight: 400;\">, se\u00f1alando y enviando: 1. El nombre del titular, su domicilio y\/o cualquier otro medio para comunicar la respuesta a su solicitud. 2. Los documentos que acrediten la identidad del titular. 3. La descripci\u00f3n clara y precisa de los datos personales respecto de los que se busca ejercer alguno de los derechos mencionados en el p\u00e1rrafo anterior y la documentaci\u00f3n que sustente dicha petici\u00f3n. 4. Cualquier otro elemento o documento que facilite la localizaci\u00f3n de los datos personales. En caso de que se actualice alguno de los supuestos que se se\u00f1alan en el p\u00e1rrafo anterior, Punto Cardinal informar\u00e1 al titular el motivo de su decisi\u00f3n, dentro de los plazos establecidos para tal efecto, por el mismo medio por el que se llev\u00f3 a cabo la solicitud. Punto Cardinal se reserva el derecho de modificar en cualquier momento el contenido del presente aviso de privacidad. Cualquier cambio en el aviso de privacidad ser\u00e1 informado a trav\u00e9s de la p\u00e1gina de internet de Punto Cardinal una vez que se publique el aviso de privacidad en dicha p\u00e1gina, entrar\u00e1 en vigor autom\u00e1ticamente. Fecha de \u00faltima actualizaci\u00f3n: <\/span><b><i>01 de Diciembre de 2023<\/i><\/b><\/p>\t\t\t\t\t\t<\/div>\n\t\t\t\t<\/div>\n\t\t\t\t\t<\/div>\n\t\t\t\t<\/div>\n\t\t\t\t\t\t\t<\/div>\n\t\t","protected":false},"excerpt":{"rendered":"<p>AVISO DE PRIVACIDAD \u00a0 En cumplimiento a lo previsto en la ley federal de protecci\u00f3n de datos personales en posesi\u00f3n de los particulares (la \u201cley\u201d), le solicitamos lea cuidadosamente el &hellip;<\/p>\n<p class=\"read-more\"> <a class=\"\" href=\"https:\/\/puntocardinalbazar.com\/index.php\/aviso-de-privacidad\/\"> <span class=\"screen-reader-text\">Aviso de privacidad<\/span> Read More &raquo;<\/a><\/p>\n","protected":false},"author":1,"featured_media":0,"parent":0,"menu_order":0,"comment_status":"closed","ping_status":"closed","template":"","meta":{"om_disable_all_campaigns":false,"_monsterinsights_skip_tracking":false,"_monsterinsights_sitenote_active":false,"_monsterinsights_sitenote_note":"","_monsterinsights_sitenote_category":0,"site-sidebar-layout":"no-sidebar","site-content-layout":"page-builder","ast-site-content-layout":"full-width-container","site-content-style":"default","site-sidebar-style":"default","ast-global-header-display":"","ast-banner-title-visibility":"","ast-main-header-display":"","ast-hfb-above-header-display":"","ast-hfb-below-header-display":"","ast-hfb-mobile-header-display":"","site-post-title":"disabled","ast-breadcrumbs-content":"","ast-featured-img":"disabled","footer-sml-layout":"","theme-transparent-header-meta":"","adv-header-id-meta":"","stick-header-meta":"","header-above-stick-meta":"","header-main-stick-meta":"","header-below-stick-meta":"","astra-migrate-meta-layouts":"set","ast-page-background-enabled":"default","ast-page-background-meta":{"desktop":{"background-color":"var(--ast-global-color-4)","background-image":"","background-repeat":"repeat","background-position":"center center","background-size":"auto","background-attachment":"scroll","background-type":"","background-media":"","overlay-type":"","overlay-color":"","overlay-gradient":""},"tablet":{"background-color":"","background-image":"","background-repeat":"repeat","background-position":"center center","background-size":"auto","background-attachment":"scroll","background-type":"","background-media":"","overlay-type":"","overlay-color":"","overlay-gradient":""},"mobile":{"background-color":"","background-image":"","background-repeat":"repeat","background-position":"center center","background-size":"auto","background-attachment":"scroll","background-type":"","background-media":"","overlay-type":"","overlay-color":"","overlay-gradient":""}},"ast-content-background-meta":{"desktop":{"background-color":"var(--ast-global-color-5)","background-image":"","background-repeat":"repeat","background-position":"center center","background-size":"auto","background-attachment":"scroll","background-type":"","background-media":"","overlay-type":"","overlay-color":"","overlay-gradient":""},"tablet":{"background-color":"var(--ast-global-color-5)","background-image":"","background-repeat":"repeat","background-position":"center center","background-size":"auto","background-attachment":"scroll","background-type":"","background-media":"","overlay-type":"","overlay-color":"","overlay-gradient":""},"mobile":{"background-color":"var(--ast-global-color-5)","background-image":"","background-repeat":"repeat","background-position":"center center","background-size":"auto","background-attachment":"scroll","background-type":"","background-media":"","overlay-type":"","overlay-color":"","overlay-gradient":""}},"footnotes":""},"aioseo_notices":[],"_links":{"self":[{"href":"https:\/\/puntocardinalbazar.com\/index.php\/wp-json\/wp\/v2\/pages\/1837"}],"collection":[{"href":"https:\/\/puntocardinalbazar.com\/index.php\/wp-json\/wp\/v2\/pages"}],"about":[{"href":"https:\/\/puntocardinalbazar.com\/index.php\/wp-json\/wp\/v2\/types\/page"}],"author":[{"embeddable":true,"href":"https:\/\/puntocardinalbazar.com\/index.php\/wp-json\/wp\/v2\/users\/1"}],"replies":[{"embeddable":true,"href":"https:\/\/puntocardinalbazar.com\/index.php\/wp-json\/wp\/v2\/comments?post=1837"}],"version-history":[{"count":4,"href":"https:\/\/puntocardinalbazar.com\/index.php\/wp-json\/wp\/v2\/pages\/1837\/revisions"}],"predecessor-version":[{"id":1841,"href":"https:\/\/puntocardinalbazar.com\/index.php\/wp-json\/wp\/v2\/pages\/1837\/revisions\/1841"}],"wp:attachment":[{"href":"https:\/\/puntocardinalbazar.com\/index.php\/wp-json\/wp\/v2\/media?parent=1837"}],"curies":[{"name":"wp","href":"https:\/\/api.w.org\/{rel}","templated":true}]}}